{"id":222,"date":"2026-01-20T08:48:43","date_gmt":"2026-01-20T07:48:43","guid":{"rendered":"https:\/\/forzaorza.com\/?page_id=222"},"modified":"2026-04-17T16:08:22","modified_gmt":"2026-04-17T14:08:22","slug":"besokare","status":"publish","type":"page","link":"https:\/\/forzaorza.com\/sv\/besokare\/","title":{"rendered":"Bes\u00f6kare"},"content":{"rendered":"<section class=\"section-hero\" style=\"\">\n            <div id=\"video\" class=\"video-wrapper\" aria-hidden=\"true\" style=\"background: linear-gradient(180deg, rgba(0, 0, 0, 0.00) 0%, #000 95.27%);\">\n            <div class=\"video-section\">\n                                <video autoplay=\"\" loop=\"\" playsinline=\"\" webkit-playsinline=\"\" muted=\"\">\n                    <source src=\"https:\/\/forzaorza.com\/wp-content\/uploads\/2026\/01\/forza-orza-hero.mp4\" type=\"video\/mp4\">\n                <\/video>\n            <\/div>\n        <\/div>\n        <div class=\"site-width\">\n        <div class=\"hero-content\">\n            <h1 class=\"title-xxl\">Visitorz<\/h1>\n                            <p class=\"font-square text-lg color-yellow\">Missa inte \u00e5rets Endurofestival<\/p>\n            \n                            <div class=\"cta-btn-group\">\n                                                                                                    <a href=\"https:\/\/secure.tickster.com\/sv\/zz8avx5ptmxdl44\/selectproductgroup\" target=\"_blank\" class=\"cta-btn cta-btn-primary\">K\u00f6p biljett idag<\/a>\n                                                            <\/div>\n                    <\/div>\n    <\/div>\n<\/section>\n\n<section class=\"section-wrapper\">\n    <div class=\"site-width\">\n                <div class=\"acf-innerblocks-container\">\n\n<section class=\"wp-block-group article-content grid grid-cols-2 gap-24 is-content-justification-space-between is-nowrap is-layout-flex wp-container-core-group-is-layout-cb46ffcb wp-block-group-is-layout-flex\">\n<div class=\"wp-block-group article is-vertical is-nowrap is-layout-flex wp-container-core-group-is-layout-6fe931d8 wp-block-group-is-layout-flex\">\n<p class=\"section-title-s\">V\u00e4lkommen till Forza Orza<\/p>\n\n\n\n<header class=\"wp-block-group is-layout-flow wp-block-group-is-layout-flow\">\n<h2 class=\"wp-block-heading title-xl\">DeN nya och fartfyllda endurofestivalen i Orsa Gr\u00f6nklitt<\/h2>\n\n\n\n<p>Med skogsstigar, skidbackar och vyer \u00f6ver Orsasj\u00f6n \u00e4r detta helgen d\u00e5 natur, teknik och adrenalin m\u00f6ts. Forza Orza \u00e4r fr\u00e5n 2026 en del utav \u201dFIM Hard Enduro World Championship\u201d och samlar d\u00e4rmed b\u00e5de v\u00e4rldseliten i Hard Enduro och passionerade motion\u00e4rer i v\u00e5ra \u00f6ppna klasser.<\/p>\n<\/header>\n<\/div>\n\n\n\n<div class=\"wp-block-group article-info is-vertical is-nowrap is-layout-flex wp-container-core-group-is-layout-6fe931d8 wp-block-group-is-layout-flex\">\n<p class=\"section-title-s\">Bes\u00f6ksInformation<\/p>\n\n\n<section data-behavior=\"single\" aria-label=\"Inneh\u00e5llslista\">\n            <div class=\"accordion\">\n<div class=\"accordion__item\">\n    <span class=\"anchor-sections\" id=\"acc-trigger-biljetter\"><\/span>\n    <h3 class=\"accordion__header\">\n        <button class=\"accordion__trigger\" type=\"button\" aria-controls=\"acc-panel-biljetter\" aria-expanded=\"true\">\n            <span class=\"icon icon-left\">\n                <?xml version=\"1.0\" encoding=\"UTF-8\"?>\n<svg xmlns=\"http:\/\/www.w3.org\/2000\/svg\" xmlns:xlink=\"http:\/\/www.w3.org\/1999\/xlink\" width=\"24px\" height=\"24px\" viewBox=\"0 0 24 24\" version=\"1.1\">\n  <title>icon-ticket<\/title>\n  <g id=\"icon-ticket\" stroke=\"none\" fill=\"none\" fill-rule=\"evenodd\">\n    <path d=\"M9,0.00100409646 C9,1.65785835 10.3431458,3.0010041 12,3.0010041 C13.6568542,3.0010041 15,1.65785835 15,0.00100409646 L21,0.00100409646 L21,24.0010041 L14.9999998,24.002007 C15,22.3441498 13.6568542,21.0010041 12,21.0010041 C10.4023191,21.0010041 9.09633912,22.2499241 9.00509269,23.8247313 L9,24.0010041 L3,24.0010041 L3,0.00100409646 L9,0.00100409646 Z M16.7463594,13.9125136 L13.6712384,15.3562697 L13.1819381,16.2902807 L12.4087582,16.7331889 L10.5935797,16.8013778 L7.85003496,18.0894497 L8.16296897,18.4692445 L12.709098,18.2984281 L15.1941413,16.8748322 L16.7463594,13.9125136 Z M16.603561,11.1854836 L12.0541352,11.1854836 L9.5174818,12.5148247 L7.94583869,15.2584642 L8.12097168,15.1842509 L7.384009,16.4704728 L8.09931724,17.4085158 L10.889183,16.2242572 L10.4440454,16.2242572 L10.1288582,15.8106644 L11.2509047,13.851874 L11.0758666,13.9260636 L11.5063465,13.174633 L12.2954174,12.7610402 L13.8389548,12.7610402 L14.2259124,12.5970546 L14.9398213,12.5970546 L15.2552931,13.0106474 L14.2222836,14.8138721 L17.3494654,13.486476 L18,12.3508391 L17.2190406,11.3267949 L16.8352612,11.4894286 L16.603561,11.1854836 Z M16.2546487,6 L8.86495664,6 L6.25129118,10.5624232 L7.22239699,10.1502298 L6,12.2840109 L8.36685696,12.2840109 L9.77143116,9.83205412 L14.1368772,9.83205412 L15.039462,8.25649756 L11.6840428,8.25649756 L10.712771,8.66871471 L9.70291014,8.66871471 L10.3292288,7.57555657 L13.2882744,7.57555657 L14.2594513,7.1633157 L16.3232409,7.1633157 L16.986346,6.00585832 L16.0151691,6.41807547 L16.2546487,6 Z\" id=\"Combined-Shape\" fill=\"#FFFFFF\"><\/path>\n  <\/g>\n<\/svg>\n            <\/span> Biljetter            <span class=\"accordion__icon\" aria-hidden=\"true\"><\/span>\n        <\/button>\n    <\/h3>\n    <div class=\"accordion__panel\" id=\"acc-panel-biljetter\" role=\"region\" aria-labelledby=\"acc-trigger-biljetter\" style=\"block-size: auto;\">\n        <div class=\"accordion__panel-inner\">\n                        <div class=\"acf-innerblocks-container\">\n\n<p>Vad ing\u00e5r i biljettpriset?<\/p>\n\n\n\n<ul class=\"wp-block-list\">\n<li>Entr\u00e9 till t\u00e4vlingsomr\u00e5det, alla arenaomr\u00e5den inkl After Race<\/li>\n\n\n\n<li>Liftkort till sittliften mellan dep\u00e5omr\u00e5det och Toppstugan<\/li>\n<\/ul>\n\n\n\n<p>Vad g\u00e4ller f\u00f6r barn och ungdomar?<\/p>\n\n\n\n<ul class=\"wp-block-list\">\n<li>Ungdomar mellan 11-15 \u00e5r betalar halva ord biljettpriset<\/li>\n\n\n\n<li>Barn upp till och med 10 \u00e5r g\u00e5r in gratis i vuxet s\u00e4llskap<\/li>\n<\/ul>\n\n<\/div>\n\n                            <div class=\"footer-text-block cta-btn-group\">\n                                            <a href=\"https:\/\/secure.tickster.com\/sv\/zz8avx5ptmxdl44\/selectproductgroup\" target=\"_blank\" class=\"cta-btn cta-btn-primary\">K\u00f6p biljett<\/a>                                    <\/div>\n                    <\/div>\n    <\/div>\n<\/div>\n\n\n<div class=\"accordion__item\">\n    <span class=\"anchor-sections\" id=\"acc-trigger-boende\"><\/span>\n    <h3 class=\"accordion__header\">\n        <button class=\"accordion__trigger\" type=\"button\" aria-controls=\"acc-panel-boende\" aria-expanded=\"true\">\n            <span class=\"icon icon-left\">\n                <?xml version=\"1.0\" encoding=\"UTF-8\"?>\n<svg xmlns=\"http:\/\/www.w3.org\/2000\/svg\" xmlns:xlink=\"http:\/\/www.w3.org\/1999\/xlink\" width=\"24px\" height=\"24px\" viewBox=\"0 0 24 24\" version=\"1.1\">\n  <title>icon-accomodation<\/title>\n  <g id=\"icon-accomodation\" stroke=\"none\" fill=\"none\" fill-rule=\"evenodd\">\n    <path d=\"M1,6.25277607e-12 L23,6.25277607e-12 L23,4 L23,15 L19,21 L12,24 L5,21 L1,15 L1,4 L1,6.25277607e-12 Z M15,19 L13,19 L13,13 L15,13 Z M13,17 L11,17 L11,15 L13,15 L13,17 Z M11,19 L9,19 L9,13 L11,13 Z M16,10 L8,10 L8,3.18323146e-12 L16,3.18500781e-12 Z\" id=\"accomodation\" fill=\"#FFFFFF\" transform=\"translate(12, 12) rotate(180) translate(-12, -12)\"><\/path>\n  <\/g>\n<\/svg>\n            <\/span> Boende            <span class=\"accordion__icon\" aria-hidden=\"true\"><\/span>\n        <\/button>\n    <\/h3>\n    <div class=\"accordion__panel\" id=\"acc-panel-boende\" role=\"region\" aria-labelledby=\"acc-trigger-boende\" style=\"block-size: auto;\">\n        <div class=\"accordion__panel-inner\">\n                        <div class=\"acf-innerblocks-container\">\n\n<p>V\u00e4lj bland ett brett utbud av boenden &#8211; fr\u00e5n mysiga stugor i Centrumbyn n\u00e4ra evenemangsomr\u00e5det, familjev\u00e4nliga alternativ i Rovdjursbyn och natursk\u00f6na boenden i Bl\u00e5b\u00e4rsbyn med fantastisk utsikt, till smidiga st\u00e4llplatser och camping n\u00e4ra allt som h\u00e4nder.<\/p>\n\n\n\n<p>Boka genom instruktionerna via l\u00e4nken och med koden: HEWC<\/p>\n\n<\/div>\n\n                            <div class=\"footer-text-block cta-btn-group\">\n                                            <a href=\"https:\/\/www.orsagronklitt.se\/forza-orza\" target=\"_blank\" class=\"cta-btn cta-btn-primary\">Boka boende<\/a>                                    <\/div>\n                    <\/div>\n    <\/div>\n<\/div>\n\n\n<div class=\"accordion__item\">\n    <span class=\"anchor-sections\" id=\"acc-trigger-hitta-hit\"><\/span>\n    <h3 class=\"accordion__header\">\n        <button class=\"accordion__trigger\" type=\"button\" aria-controls=\"acc-panel-hitta-hit\" aria-expanded=\"true\">\n            <span class=\"icon icon-left\">\n                <?xml version=\"1.0\" encoding=\"UTF-8\"?>\n<svg xmlns=\"http:\/\/www.w3.org\/2000\/svg\" xmlns:xlink=\"http:\/\/www.w3.org\/1999\/xlink\" width=\"24px\" height=\"24px\" viewBox=\"0 0 24 24\" version=\"1.1\">\n  <title>icon-place<\/title>\n  <g id=\"icon-place\" stroke=\"none\" fill=\"none\" fill-rule=\"evenodd\">\n    <path d=\"M18,0 L22,4 L22,14 L12,24 L2,14 L2,4 L6,0 L18,0 Z M12,4 C9.23857625,4 7,6.23857625 7,9 C7,11.7614237 9.23857625,14 12,14 C14.7614237,14 17,11.7614237 17,9 C17,6.23857625 14.7614237,4 12,4 Z\" id=\"place\" fill=\"#FFFFFF\"><\/path>\n  <\/g>\n<\/svg>\n            <\/span> Hitta hit            <span class=\"accordion__icon\" aria-hidden=\"true\"><\/span>\n        <\/button>\n    <\/h3>\n    <div class=\"accordion__panel\" id=\"acc-panel-hitta-hit\" role=\"region\" aria-labelledby=\"acc-trigger-hitta-hit\" style=\"block-size: auto;\">\n        <div class=\"accordion__panel-inner\">\n                        <div class=\"acf-innerblocks-container\">\n\n<p>H\u00e4r hittar du v\u00e5rt evenemangsomr\u00e5de!<\/p>\n\n<\/div>\n\n                            <div class=\"footer-text-block cta-btn-group\">\n                                            <a href=\"https:\/\/maps.app.goo.gl\/X4dURLXza4dYhGHp6\" target=\"_blank\" class=\"cta-btn cta-btn-primary\">Till karta<\/a>                                    <\/div>\n                    <\/div>\n    <\/div>\n<\/div>\n\n\n<div class=\"accordion__item\">\n    <span class=\"anchor-sections\" id=\"acc-trigger-parkering\"><\/span>\n    <h3 class=\"accordion__header\">\n        <button class=\"accordion__trigger\" type=\"button\" aria-controls=\"acc-panel-parkering\" aria-expanded=\"true\">\n            <span class=\"icon icon-left\">\n                <?xml version=\"1.0\" encoding=\"UTF-8\"?>\n<svg xmlns=\"http:\/\/www.w3.org\/2000\/svg\" xmlns:xlink=\"http:\/\/www.w3.org\/1999\/xlink\" width=\"24px\" height=\"24px\" viewBox=\"0 0 24 24\" version=\"1.1\">\n  <title>icon-parking<\/title>\n  <g id=\"icon-parking\" stroke=\"none\" fill=\"none\" fill-rule=\"evenodd\">\n    <path d=\"M20,0 L24,4 L24,20 L20,24 L4,24 L0,20 L0,4 L4,0 L20,0 Z M16,4 L7,4 L7,20 L10,20 L10,14 L16,14 L17,13 L17,5 L16,4 Z M14,7 L14,11 L10,11 L10,7 L14,7 Z\" id=\"parking\" fill=\"#FFFFFF\"><\/path>\n  <\/g>\n<\/svg>\n            <\/span> Parkering            <span class=\"accordion__icon\" aria-hidden=\"true\"><\/span>\n        <\/button>\n    <\/h3>\n    <div class=\"accordion__panel\" id=\"acc-panel-parkering\" role=\"region\" aria-labelledby=\"acc-trigger-parkering\" style=\"block-size: auto;\">\n        <div class=\"accordion__panel-inner\">\n                        <div class=\"acf-innerblocks-container\">\n\n<p>\u00c5k mot Orsa Gr\u00f6nklitt och f\u00f6lj skyltning. Parkering f\u00f6r publik finns vid&nbsp;Receptionen&nbsp;(sv\u00e4ng v\u00e4nster vid f\u00f6rsta avfarten).&nbsp;<\/p>\n\n<\/div>\n\n                    <\/div>\n    <\/div>\n<\/div>\n\n\n<div class=\"accordion__item\">\n    <span class=\"anchor-sections\" id=\"acc-trigger-faq\"><\/span>\n    <h3 class=\"accordion__header\">\n        <button class=\"accordion__trigger\" type=\"button\" aria-controls=\"acc-panel-faq\" aria-expanded=\"true\">\n            <span class=\"icon icon-left\">\n                <?xml version=\"1.0\" encoding=\"UTF-8\"?>\n<svg xmlns=\"http:\/\/www.w3.org\/2000\/svg\" xmlns:xlink=\"http:\/\/www.w3.org\/1999\/xlink\" width=\"24px\" height=\"24px\" viewBox=\"0 0 24 24\" version=\"1.1\">\n  <title>icon-faq<\/title>\n  <g id=\"icon-faq\" stroke=\"none\" fill=\"none\" fill-rule=\"evenodd\">\n    <path d=\"M20,0 L24,4 L24,16 L24,24 L20,20 L4,20 L0,16 L-3.55271368e-15,4 L4,3.55271368e-15 L20,0 Z M13,14 L11,14 L11,16 L13,16 L13,14 Z M17.0665459,4 L7,4 L7,6 L12.489,6 L8.48846155,10.320592 L6.93345411,12 L17,12 L17,10 L11.51,10 L15.5115385,5.67940803 L17.0665459,4 Z\" id=\"faq\" fill=\"#FFFFFF\"><\/path>\n  <\/g>\n<\/svg>\n            <\/span> FAQ            <span class=\"accordion__icon\" aria-hidden=\"true\"><\/span>\n        <\/button>\n    <\/h3>\n    <div class=\"accordion__panel\" id=\"acc-panel-faq\" role=\"region\" aria-labelledby=\"acc-trigger-faq\" style=\"block-size: auto;\">\n        <div class=\"accordion__panel-inner\">\n                        <div class=\"acf-innerblocks-container\">\n\n<p><\/p>\n\n<\/div>\n\n                    <\/div>\n    <\/div>\n<\/div>\n\n\n\n<p><\/p>\n\n<\/div>\n<\/section>\n<\/div>\n<\/section>\n\n<\/div>\n    <\/div>\n<\/section>\n\n\n<section class=\"section-wrapper w-bg-black\">\n\t\t<div class=\"site-width\">\n\t\t\t\t\t<header class=\"section-header\">\n\t\t\t\t\t\t\t\t\t<h2 class=\"title-xl\">V\u00e4lj din biljett<\/h2>\n\t\t\t\t\t\t\t<\/header>\n\t\t\t\t<div class=\"card-set md-repeat-2\">\n    <div class=\"card\">\n        <figure class=\"aspect-4-6-aspect-6-4\">\n                            <img decoding=\"async\" src=\"https:\/\/forzaorza.com\/wp-content\/uploads\/2026\/01\/weekend-ticket.jpg\" alt=\"Weekend Ticket\">\n                    <\/figure>\n        <a href=\"https:\/\/secure.tickster.com\/sv\/zz8avx5ptmxdl44\/products?gfsids=4654741%2C4654742%2C4681699\" class=\"card-inner\">\n            <header class=\"card-content\">\n                <h2>Weekend Ticket<\/h2>\n                <p>Biljett f\u00f6r fredag och l\u00f6rdag inkluderar fri lift, tilltr\u00e4de till Forza Orza Arena, show och After Race.<\/p>\n            <\/header>\n            <div class=\"cta-btn-group\">\n                                <span class=\"cta-btn cta-btn-primary\">\n                    K\u00f6p Weekend ticket                <\/span>\n            <\/div>\n        <\/a>\n    <\/div>\n\n\n    <div class=\"card\">\n        <figure class=\"aspect-4-6-aspect-6-4\">\n                            <img decoding=\"async\" src=\"https:\/\/forzaorza.com\/wp-content\/uploads\/2026\/01\/day-ticket.jpg\" alt=\"Day Ticket\">\n                    <\/figure>\n        <a href=\"https:\/\/secure.tickster.com\/sv\/zz8avx5ptmxdl44\/products?gfsids=4642680%2C4654736%2C4654738%2C4654739\" class=\"card-inner\">\n            <header class=\"card-content\">\n                <h2>Day Ticket<\/h2>\n                <p>Endagsbiljett f\u00f6r fredag eller l\u00f6rdag inkluderar fri lift, tilltr\u00e4de till Forza Orza Arena, show och After Race.<\/p>\n            <\/header>\n            <div class=\"cta-btn-group\">\n                                <span class=\"cta-btn cta-btn-primary\">\n                    K\u00f6p Day ticket                <\/span>\n            <\/div>\n        <\/a>\n    <\/div>\n\n<\/div>\n\t<\/div>\n<\/section>\n\n<section class=\"section-wrapper w-bg-black\">\n\t\t<div class=\"site-width\">\n\t\t\t\t\t<header class=\"section-header\">\n\t\t\t\t\t\t\t\t\t<h2 class=\"title-xl\">Program<\/h2>\n\t\t\t\t\t\t\t<\/header>\n\t\t\t\t<div class=\"card-set md-repeat-2\">\n    <div class=\"card\">\n        <figure class=\"aspect-4-6-aspect-6-4\">\n                            <img decoding=\"async\" src=\"https:\/\/forzaorza.com\/wp-content\/uploads\/2026\/01\/program-tba.jpg\" alt=\"\">\n                    <\/figure>\n        <a href=\"https:\/\/forzaorza.com\/sv\/forare\/hard-enduro-wc\/\" class=\"card-inner\">\n            <header class=\"card-content\">\n                <h2>UPPLEV EN MAXAD HELG<\/h2>\n                <p>H\u00e4r kommer vi att presentera hela festivalprogrammet.<\/p>\n            <\/header>\n            <div class=\"cta-btn-group\">\n                                <span class=\"cta-btn cta-btn-primary\">\n                    F\u00f6lj oss p\u00e5 Instagram                <\/span>\n            <\/div>\n        <\/a>\n    <\/div>\n\n<\/div>\n\t<\/div>\n<\/section>","protected":false},"excerpt":{"rendered":"","protected":false},"author":2,"featured_media":0,"parent":0,"menu_order":5,"comment_status":"closed","ping_status":"closed","template":"","meta":{"_acf_changed":false,"inline_featured_image":false,"footnotes":""},"class_list":["post-222","page","type-page","status-publish","hentry"],"acf":[],"yoast_head":"<!-- This site is optimized with the Yoast SEO plugin v26.9 - https:\/\/yoast.com\/product\/yoast-seo-wordpress\/ -->\n<title>Bes\u00f6kare - Forza Orza<\/title>\n<meta name=\"robots\" content=\"index, follow, max-snippet:-1, max-image-preview:large, max-video-preview:-1\" \/>\n<link rel=\"canonical\" href=\"https:\/\/forzaorza.com\/sv\/besokare\/\" \/>\n<meta property=\"og:locale\" content=\"sv_SE\" \/>\n<meta property=\"og:type\" content=\"article\" \/>\n<meta property=\"og:title\" content=\"Bes\u00f6kare - Forza Orza\" \/>\n<meta property=\"og:url\" content=\"https:\/\/forzaorza.com\/sv\/besokare\/\" \/>\n<meta property=\"og:site_name\" content=\"Forza Orza\" \/>\n<meta property=\"article:modified_time\" content=\"2026-04-17T14:08:22+00:00\" \/>\n<meta name=\"twitter:card\" content=\"summary_large_image\" \/>\n<meta name=\"twitter:label1\" content=\"Ber\u00e4knad l\u00e4stid\" \/>\n\t<meta name=\"twitter:data1\" content=\"1 minut\" \/>\n<script type=\"application\/ld+json\" class=\"yoast-schema-graph\">{\"@context\":\"https:\/\/schema.org\",\"@graph\":[{\"@type\":\"WebPage\",\"@id\":\"https:\/\/forzaorza.com\/sv\/besokare\/\",\"url\":\"https:\/\/forzaorza.com\/sv\/besokare\/\",\"name\":\"Bes\u00f6kare - Forza Orza\",\"isPartOf\":{\"@id\":\"https:\/\/forzaorza.com\/sv\/#website\"},\"datePublished\":\"2026-01-20T07:48:43+00:00\",\"dateModified\":\"2026-04-17T14:08:22+00:00\",\"breadcrumb\":{\"@id\":\"https:\/\/forzaorza.com\/sv\/besokare\/#breadcrumb\"},\"inLanguage\":\"sv-SE\",\"potentialAction\":[{\"@type\":\"ReadAction\",\"target\":[\"https:\/\/forzaorza.com\/sv\/besokare\/\"]}]},{\"@type\":\"BreadcrumbList\",\"@id\":\"https:\/\/forzaorza.com\/sv\/besokare\/#breadcrumb\",\"itemListElement\":[{\"@type\":\"ListItem\",\"position\":1,\"name\":\"Home\",\"item\":\"https:\/\/forzaorza.com\/sv\/\"},{\"@type\":\"ListItem\",\"position\":2,\"name\":\"Bes\u00f6kare\"}]},{\"@type\":\"WebSite\",\"@id\":\"https:\/\/forzaorza.com\/sv\/#website\",\"url\":\"https:\/\/forzaorza.com\/sv\/\",\"name\":\"Forza Orza\",\"description\":\"\",\"potentialAction\":[{\"@type\":\"SearchAction\",\"target\":{\"@type\":\"EntryPoint\",\"urlTemplate\":\"https:\/\/forzaorza.com\/sv\/?s={search_term_string}\"},\"query-input\":{\"@type\":\"PropertyValueSpecification\",\"valueRequired\":true,\"valueName\":\"search_term_string\"}}],\"inLanguage\":\"sv-SE\"}]}<\/script>\n<!-- \/ Yoast SEO plugin. -->","yoast_head_json":{"title":"Bes\u00f6kare - Forza Orza","robots":{"index":"index","follow":"follow","max-snippet":"max-snippet:-1","max-image-preview":"max-image-preview:large","max-video-preview":"max-video-preview:-1"},"canonical":"https:\/\/forzaorza.com\/sv\/besokare\/","og_locale":"sv_SE","og_type":"article","og_title":"Bes\u00f6kare - Forza Orza","og_url":"https:\/\/forzaorza.com\/sv\/besokare\/","og_site_name":"Forza Orza","article_modified_time":"2026-04-17T14:08:22+00:00","twitter_card":"summary_large_image","twitter_misc":{"Ber\u00e4knad l\u00e4stid":"1 minut"},"schema":{"@context":"https:\/\/schema.org","@graph":[{"@type":"WebPage","@id":"https:\/\/forzaorza.com\/sv\/besokare\/","url":"https:\/\/forzaorza.com\/sv\/besokare\/","name":"Bes\u00f6kare - Forza Orza","isPartOf":{"@id":"https:\/\/forzaorza.com\/sv\/#website"},"datePublished":"2026-01-20T07:48:43+00:00","dateModified":"2026-04-17T14:08:22+00:00","breadcrumb":{"@id":"https:\/\/forzaorza.com\/sv\/besokare\/#breadcrumb"},"inLanguage":"sv-SE","potentialAction":[{"@type":"ReadAction","target":["https:\/\/forzaorza.com\/sv\/besokare\/"]}]},{"@type":"BreadcrumbList","@id":"https:\/\/forzaorza.com\/sv\/besokare\/#breadcrumb","itemListElement":[{"@type":"ListItem","position":1,"name":"Home","item":"https:\/\/forzaorza.com\/sv\/"},{"@type":"ListItem","position":2,"name":"Bes\u00f6kare"}]},{"@type":"WebSite","@id":"https:\/\/forzaorza.com\/sv\/#website","url":"https:\/\/forzaorza.com\/sv\/","name":"Forza Orza","description":"","potentialAction":[{"@type":"SearchAction","target":{"@type":"EntryPoint","urlTemplate":"https:\/\/forzaorza.com\/sv\/?s={search_term_string}"},"query-input":{"@type":"PropertyValueSpecification","valueRequired":true,"valueName":"search_term_string"}}],"inLanguage":"sv-SE"}]}},"_links":{"self":[{"href":"https:\/\/forzaorza.com\/sv\/wp-json\/wp\/v2\/pages\/222","targetHints":{"allow":["GET"]}}],"collection":[{"href":"https:\/\/forzaorza.com\/sv\/wp-json\/wp\/v2\/pages"}],"about":[{"href":"https:\/\/forzaorza.com\/sv\/wp-json\/wp\/v2\/types\/page"}],"author":[{"embeddable":true,"href":"https:\/\/forzaorza.com\/sv\/wp-json\/wp\/v2\/users\/2"}],"replies":[{"embeddable":true,"href":"https:\/\/forzaorza.com\/sv\/wp-json\/wp\/v2\/comments?post=222"}],"version-history":[{"count":14,"href":"https:\/\/forzaorza.com\/sv\/wp-json\/wp\/v2\/pages\/222\/revisions"}],"predecessor-version":[{"id":626,"href":"https:\/\/forzaorza.com\/sv\/wp-json\/wp\/v2\/pages\/222\/revisions\/626"}],"wp:attachment":[{"href":"https:\/\/forzaorza.com\/sv\/wp-json\/wp\/v2\/media?parent=222"}],"curies":[{"name":"wp","href":"https:\/\/api.w.org\/{rel}","templated":true}]}}