{"id":238,"date":"2026-01-20T10:14:12","date_gmt":"2026-01-20T09:14:12","guid":{"rendered":"https:\/\/forzaorza.com\/?page_id=238"},"modified":"2026-04-17T16:07:12","modified_gmt":"2026-04-17T14:07:12","slug":"hard-enduro","status":"publish","type":"page","link":"https:\/\/forzaorza.com\/sv\/forare\/hard-enduro\/","title":{"rendered":"Hard Enduro"},"content":{"rendered":"<section class=\"section-hero\" style=\"background-image: url(https:\/\/forzaorza.com\/wp-content\/uploads\/2026\/01\/hard-enduro-hero-scaled.jpg);\">\n        <div class=\"site-width\">\n        <div class=\"hero-content\">\n            <h1 class=\"title-xxl\">Hard Enduro Riderz<\/h1>\n                            <p class=\"font-square text-lg color-yellow\">V\u00e4lkommen att anm\u00e4la dig till \u00e5rets h\u00e5rdaste t\u00e4vling<\/p>\n            \n                            <div class=\"cta-btn-group\">\n                                                                                                    <a href=\"https:\/\/ta.svemo.se\/Public\/Pages\/CompetitionInformation\/CompetitionInformation.aspx?CompetitionId=17630\" target=\"_blank\" class=\"cta-btn cta-btn-primary\">Anm\u00e4lan Hard Enduro<\/a>\n                                                            <\/div>\n                    <\/div>\n    <\/div>\n<\/section>\n\n<section class=\"section-wrapper\">\n    <div class=\"site-width\">\n                <div class=\"acf-innerblocks-container\">\n\n<section class=\"wp-block-group article-content grid grid-cols-2 gap-24 is-content-justification-space-between is-nowrap is-layout-flex wp-container-core-group-is-layout-cb46ffcb wp-block-group-is-layout-flex\">\n<div class=\"wp-block-group article is-vertical is-nowrap is-layout-flex wp-container-core-group-is-layout-6fe931d8 wp-block-group-is-layout-flex\">\n<p class=\"section-title-s\">V\u00e4lkommen till Forza Orza<\/p>\n\n\n\n<header class=\"wp-block-group is-layout-flow wp-block-group-is-layout-flow\">\n<h2 class=\"wp-block-heading title-xl\">Delta i en t\u00e4vlingsbana med olika sv\u00e5righetsgrader<\/h2>\n<\/header>\n\n\n\n<p>T\u00e4vlingen \u00e4r uppbyggd med flera klasser och banor i olika sv\u00e5righetsgrader f\u00f6r att passa b\u00e5de nya och erfarna f\u00f6rare. Oavsett om du \u00e4r ny inom hard enduro eller vill ta n\u00e4sta steg finns en bana som \u00e4r anpassad f\u00f6r din niv\u00e5.<\/p>\n\n\n\n<h3 class=\"wp-block-heading\">Missa ingen information<\/h3>\n\n\n\n<p>N\u00e4r du anm\u00e4lt dig f\u00e5r du all information till dig genom den officiella anslagstavlan.<\/p>\n<\/div>\n\n\n\n<div class=\"wp-block-group article-info is-vertical is-nowrap is-layout-flex wp-container-core-group-is-layout-6fe931d8 wp-block-group-is-layout-flex\">\n<p class=\"section-title-s\">Information<\/p>\n\n\n<section data-behavior=\"single\" aria-label=\"Inneh\u00e5llslista\">\n            <div class=\"accordion\">\n<div class=\"accordion__item\">\n    <span class=\"anchor-sections\" id=\"acc-trigger-inbjudan-och-tillaggsregler\"><\/span>\n    <h3 class=\"accordion__header\">\n        <button class=\"accordion__trigger\" type=\"button\" aria-controls=\"acc-panel-inbjudan-och-tillaggsregler\" aria-expanded=\"true\">\n            <span class=\"icon icon-left\">\n                <?xml version=\"1.0\" encoding=\"UTF-8\"?>\n<svg xmlns=\"http:\/\/www.w3.org\/2000\/svg\" xmlns:xlink=\"http:\/\/www.w3.org\/1999\/xlink\" width=\"24px\" height=\"24px\" viewBox=\"0 0 24 24\" version=\"1.1\">\n  <title>icon-invitation<\/title>\n  <g id=\"icon-invitation\" stroke=\"none\" fill=\"none\" fill-rule=\"evenodd\">\n    <path d=\"M22,2 L22,24 L6,24 L6,22 L20,22 L20,2 L22,2 Z M18,0 L18,20 L2,20 L2,0 L18,0 Z M16,15 L8,15 L8,17 L16,17 L16,15 Z M6,15 L4,15 L4,17 L6,17 L6,15 Z M6,11 L4,11 L4,13 L6,13 L6,11 Z M16,11 L8,11 L8,13 L16,13 L16,11 Z M16,7 L4,7 L4,9 L16,9 L16,7 Z M16,3 L4,3 L4,5 L16,5 L16,3 Z\" id=\"invitation\" fill=\"#FFFFFF\"><\/path>\n  <\/g>\n<\/svg>\n            <\/span> Inbjudan och till\u00e4ggsregler            <span class=\"accordion__icon\" aria-hidden=\"true\"><\/span>\n        <\/button>\n    <\/h3>\n    <div class=\"accordion__panel\" id=\"acc-panel-inbjudan-och-tillaggsregler\" role=\"region\" aria-labelledby=\"acc-trigger-inbjudan-och-tillaggsregler\" style=\"block-size: auto;\">\n        <div class=\"accordion__panel-inner\">\n                        <div class=\"acf-innerblocks-container\">\n\n<p><\/p>\n\n<\/div>\n\n                            <div class=\"footer-text-block cta-btn-group\">\n                                            <a href=\"http:\/\/forzaorza.com\/wp-content\/uploads\/2026\/01\/TR-Forza-Orza-FO26-Hard-Enduro.pdf\" target=\"_blank\" class=\"cta-btn cta-btn-primary\">Inbjudan och TR Hard enduro<\/a>                                    <\/div>\n                    <\/div>\n    <\/div>\n<\/div>\n\n\n<div class=\"accordion__item\">\n    <span class=\"anchor-sections\" id=\"acc-trigger-anmalan-hard-enduro\"><\/span>\n    <h3 class=\"accordion__header\">\n        <button class=\"accordion__trigger\" type=\"button\" aria-controls=\"acc-panel-anmalan-hard-enduro\" aria-expanded=\"true\">\n            <span class=\"icon icon-left\">\n                <?xml version=\"1.0\" encoding=\"UTF-8\"?>\n<svg xmlns=\"http:\/\/www.w3.org\/2000\/svg\" xmlns:xlink=\"http:\/\/www.w3.org\/1999\/xlink\" width=\"24px\" height=\"24px\" viewBox=\"0 0 24 24\" version=\"1.1\">\n  <title>icon-registration<\/title>\n  <g id=\"icon-registration\" stroke=\"none\" fill=\"none\" fill-rule=\"evenodd\">\n    <path d=\"M14,2 L14,21 L11,28 L8,21 L8,2 L14,2 Z M12,4 L10,4 L10,21 L12,21 L12,4 Z M14,-2 L14,1 L8,1 L8,-2 L14,-2 Z\" id=\"registration\" fill=\"#FFFFFF\" transform=\"translate(11, 13) rotate(45) translate(-11, -13)\"><\/path>\n  <\/g>\n<\/svg>\n            <\/span> Anm\u00e4lan Hard Enduro            <span class=\"accordion__icon\" aria-hidden=\"true\"><\/span>\n        <\/button>\n    <\/h3>\n    <div class=\"accordion__panel\" id=\"acc-panel-anmalan-hard-enduro\" role=\"region\" aria-labelledby=\"acc-trigger-anmalan-hard-enduro\" style=\"block-size: auto;\">\n        <div class=\"accordion__panel-inner\">\n                        <div class=\"acf-innerblocks-container\">\n\n<p>V\u00e4lkommen att anm\u00e4la dig till sommarens roligaste lopp! <\/p>\n\n<\/div>\n\n                            <div class=\"footer-text-block cta-btn-group\">\n                                            <a href=\"https:\/\/ta.svemo.se\/Public\/Pages\/CompetitionInformation\/CompetitionInformation.aspx?CompetitionId=17630\" target=\"_blank\" class=\"cta-btn cta-btn-primary\">Anm\u00e4lan Hard enduro<\/a>                                    <\/div>\n                    <\/div>\n    <\/div>\n<\/div>\n\n\n<div class=\"accordion__item\">\n    <span class=\"anchor-sections\" id=\"acc-trigger-tavlingsinformation-pm\"><\/span>\n    <h3 class=\"accordion__header\">\n        <button class=\"accordion__trigger\" type=\"button\" aria-controls=\"acc-panel-tavlingsinformation-pm\" aria-expanded=\"true\">\n            <span class=\"icon icon-left\">\n                <?xml version=\"1.0\" encoding=\"UTF-8\"?>\n<svg xmlns=\"http:\/\/www.w3.org\/2000\/svg\" xmlns:xlink=\"http:\/\/www.w3.org\/1999\/xlink\" width=\"24px\" height=\"24px\" viewBox=\"0 0 24 24\" version=\"1.1\">\n  <title>icon-pm<\/title>\n  <g id=\"icon-pm\" stroke=\"none\" fill=\"none\" fill-rule=\"evenodd\">\n    <path d=\"M9,-4.54747351e-13 L11,2 L11,11 L9,13 L3,13 L3,24 L0,24 L0,0 L9,-4.54747351e-13 Z M7,3 L3,3 L3,10 L7,10 L8,9 L8,4 L7,3 Z M16,9 L16,24 L13,24 L13,-2.27373675e-13 L16,-2.27373675e-13 L18.5,7 L21,0 L24,0 L24,24 L21,24 L21,9 L18.5,15 L16,9 Z\" id=\"PM\" fill=\"#FFFFFF\"><\/path>\n  <\/g>\n<\/svg>\n            <\/span> T\u00e4vlingsinformation (PM)            <span class=\"accordion__icon\" aria-hidden=\"true\"><\/span>\n        <\/button>\n    <\/h3>\n    <div class=\"accordion__panel\" id=\"acc-panel-tavlingsinformation-pm\" role=\"region\" aria-labelledby=\"acc-trigger-tavlingsinformation-pm\" style=\"block-size: auto;\">\n        <div class=\"accordion__panel-inner\">\n                        <div class=\"acf-innerblocks-container\">\n\n<p>H\u00e4r kommer du att hitta v\u00e5rt PM n\u00e4rmare evenemanget.<\/p>\n\n<\/div>\n\n                    <\/div>\n    <\/div>\n<\/div>\n\n\n<div class=\"accordion__item\">\n    <span class=\"anchor-sections\" id=\"acc-trigger-officiell-anslagstavla-hard-enduro\"><\/span>\n    <h3 class=\"accordion__header\">\n        <button class=\"accordion__trigger\" type=\"button\" aria-controls=\"acc-panel-officiell-anslagstavla-hard-enduro\" aria-expanded=\"true\">\n            <span class=\"icon icon-left\">\n                <?xml version=\"1.0\" encoding=\"UTF-8\"?>\n<svg xmlns=\"http:\/\/www.w3.org\/2000\/svg\" xmlns:xlink=\"http:\/\/www.w3.org\/1999\/xlink\" width=\"24px\" height=\"24px\" viewBox=\"0 0 24 24\" version=\"1.1\">\n  <title>icon-noticeboard<\/title>\n  <g id=\"icon-noticeboard\" stroke=\"none\" fill=\"none\" fill-rule=\"evenodd\">\n    <path d=\"M12,0 C13.1045695,0 14,0.8954305 14,2 C14,2.3709561 13.8990071,2.71832404 13.7230167,3.0161084 L18.707,8 L24,8 L24,24 L0,24 L0,8 L5.292,8 L10.2769833,3.0161084 C10.1009929,2.71832404 10,2.3709561 10,2 C10,0.8954305 10.8954305,0 12,0 Z M21,19 L3,19 L3,21 L21,21 L21,19 Z M13,15 L3,15 L3,17 L13,17 L13,15 Z M17,15 L15,15 L15,17 L17,17 L17,15 Z M21,15 L19,15 L19,17 L21,17 L21,15 Z M21,11 L3,11 L3,13 L21,13 L21,11 Z M13.0161084,3.72301675 C12.718324,3.89900711 12.3709561,4 12,4 C11.6290439,4 11.281676,3.89900711 10.9838916,3.72301675 L6.706,8 L17.293,8 L13.0161084,3.72301675 Z\" id=\"noticeboard\" fill=\"#FFFFFF\"><\/path>\n  <\/g>\n<\/svg>\n            <\/span> Officiell anslagstavla (Hard Enduro)            <span class=\"accordion__icon\" aria-hidden=\"true\"><\/span>\n        <\/button>\n    <\/h3>\n    <div class=\"accordion__panel\" id=\"acc-panel-officiell-anslagstavla-hard-enduro\" role=\"region\" aria-labelledby=\"acc-trigger-officiell-anslagstavla-hard-enduro\" style=\"block-size: auto;\">\n        <div class=\"accordion__panel-inner\">\n                        <div class=\"acf-innerblocks-container\">\n\n<p><\/p>\n\n<\/div>\n\n                    <\/div>\n    <\/div>\n<\/div>\n\n\n<div class=\"accordion__item\">\n    <span class=\"anchor-sections\" id=\"acc-trigger-program\"><\/span>\n    <h3 class=\"accordion__header\">\n        <button class=\"accordion__trigger\" type=\"button\" aria-controls=\"acc-panel-program\" aria-expanded=\"true\">\n            <span class=\"icon icon-left\">\n                <?xml version=\"1.0\" encoding=\"UTF-8\"?>\n<svg xmlns=\"http:\/\/www.w3.org\/2000\/svg\" xmlns:xlink=\"http:\/\/www.w3.org\/1999\/xlink\" width=\"24px\" height=\"24px\" viewBox=\"0 0 24 24\" version=\"1.1\">\n  <title>icon-schedule<\/title>\n  <g id=\"icon-schedule\" stroke=\"none\" fill=\"none\" fill-rule=\"evenodd\">\n    <path d=\"M20,0 L24,4 L24,20 L20,24 L4,24 L0,20 L0,4 L4,0 L20,0 Z M8,4 L6,4 L6,6 L3,6 L3,8 L6,8 L6,11 L3,11 L3,13 L6,13 L6,16 L3,16 L3,18 L6,18 L6,20 L8,20 L8,18 L11,18 L11,20 L13,20 L13,18 L16,18 L16,20 L18,20 L18,18 L21,18 L21,16 L18,16 L18,13 L21,13 L21,11 L18,11 L18,8 L21,8 L21,6 L18,6 L18,4 L16,4 L16,6 L13,6 L13,4 L11,4 L11,6 L8,6 L8,4 Z M16,13 L16,16 L13,16 L13,13 L16,13 Z M11,13 L11,16 L8,16 L8,13 L11,13 Z M16,8 L16,11 L13,11 L13,8 L16,8 Z M11,8 L11,11 L8,11 L8,8 L11,8 Z\" id=\"schedule\" fill=\"#FFFFFF\"><\/path>\n  <\/g>\n<\/svg>\n            <\/span> Program            <span class=\"accordion__icon\" aria-hidden=\"true\"><\/span>\n        <\/button>\n    <\/h3>\n    <div class=\"accordion__panel\" id=\"acc-panel-program\" role=\"region\" aria-labelledby=\"acc-trigger-program\" style=\"block-size: auto;\">\n        <div class=\"accordion__panel-inner\">\n                        <div class=\"acf-innerblocks-container\">\n\n<p>H\u00e4r kommer du att hitta v\u00e5rt program f\u00f6r 20-22 augusti.<\/p>\n\n<\/div>\n\n                    <\/div>\n    <\/div>\n<\/div>\n\n\n<div class=\"accordion__item\">\n    <span class=\"anchor-sections\" id=\"acc-trigger-boende\"><\/span>\n    <h3 class=\"accordion__header\">\n        <button class=\"accordion__trigger\" type=\"button\" aria-controls=\"acc-panel-boende\" aria-expanded=\"true\">\n            <span class=\"icon icon-left\">\n                <?xml version=\"1.0\" encoding=\"UTF-8\"?>\n<svg xmlns=\"http:\/\/www.w3.org\/2000\/svg\" xmlns:xlink=\"http:\/\/www.w3.org\/1999\/xlink\" width=\"24px\" height=\"24px\" viewBox=\"0 0 24 24\" version=\"1.1\">\n  <title>icon-accomodation<\/title>\n  <g id=\"icon-accomodation\" stroke=\"none\" fill=\"none\" fill-rule=\"evenodd\">\n    <path d=\"M1,6.25277607e-12 L23,6.25277607e-12 L23,4 L23,15 L19,21 L12,24 L5,21 L1,15 L1,4 L1,6.25277607e-12 Z M15,19 L13,19 L13,13 L15,13 Z M13,17 L11,17 L11,15 L13,15 L13,17 Z M11,19 L9,19 L9,13 L11,13 Z M16,10 L8,10 L8,3.18323146e-12 L16,3.18500781e-12 Z\" id=\"accomodation\" fill=\"#FFFFFF\" transform=\"translate(12, 12) rotate(180) translate(-12, -12)\"><\/path>\n  <\/g>\n<\/svg>\n            <\/span> Boende            <span class=\"accordion__icon\" aria-hidden=\"true\"><\/span>\n        <\/button>\n    <\/h3>\n    <div class=\"accordion__panel\" id=\"acc-panel-boende\" role=\"region\" aria-labelledby=\"acc-trigger-boende\" style=\"block-size: auto;\">\n        <div class=\"accordion__panel-inner\">\n                        <div class=\"acf-innerblocks-container\">\n\n<p>V\u00e4lj bland ett brett utbud av boenden &#8211; fr\u00e5n mysiga stugor i Centrumbyn n\u00e4ra evenemangsomr\u00e5det, familjev\u00e4nliga alternativ i Rovdjursbyn och natursk\u00f6na boenden i Bl\u00e5b\u00e4rsbyn med fantastisk utsikt, till smidiga st\u00e4llplatser och camping n\u00e4ra allt som h\u00e4nder.<\/p>\n\n\n\n<p>Boka genom instruktionerna via l\u00e4nken och med koden: HEWC<\/p>\n\n<\/div>\n\n                            <div class=\"footer-text-block cta-btn-group\">\n                                            <a href=\"https:\/\/www.orsagronklitt.se\/forza-orza\" target=\"_blank\" class=\"cta-btn cta-btn-primary\">Boka boende<\/a>                                    <\/div>\n                    <\/div>\n    <\/div>\n<\/div>\n\n\n<div class=\"accordion__item\">\n    <span class=\"anchor-sections\" id=\"acc-trigger-hitta-hit\"><\/span>\n    <h3 class=\"accordion__header\">\n        <button class=\"accordion__trigger\" type=\"button\" aria-controls=\"acc-panel-hitta-hit\" aria-expanded=\"true\">\n            <span class=\"icon icon-left\">\n                <?xml version=\"1.0\" encoding=\"UTF-8\"?>\n<svg xmlns=\"http:\/\/www.w3.org\/2000\/svg\" xmlns:xlink=\"http:\/\/www.w3.org\/1999\/xlink\" width=\"24px\" height=\"24px\" viewBox=\"0 0 24 24\" version=\"1.1\">\n  <title>icon-place<\/title>\n  <g id=\"icon-place\" stroke=\"none\" fill=\"none\" fill-rule=\"evenodd\">\n    <path d=\"M18,0 L22,4 L22,14 L12,24 L2,14 L2,4 L6,0 L18,0 Z M12,4 C9.23857625,4 7,6.23857625 7,9 C7,11.7614237 9.23857625,14 12,14 C14.7614237,14 17,11.7614237 17,9 C17,6.23857625 14.7614237,4 12,4 Z\" id=\"place\" fill=\"#FFFFFF\"><\/path>\n  <\/g>\n<\/svg>\n            <\/span> Hitta hit            <span class=\"accordion__icon\" aria-hidden=\"true\"><\/span>\n        <\/button>\n    <\/h3>\n    <div class=\"accordion__panel\" id=\"acc-panel-hitta-hit\" role=\"region\" aria-labelledby=\"acc-trigger-hitta-hit\" style=\"block-size: auto;\">\n        <div class=\"accordion__panel-inner\">\n                        <div class=\"acf-innerblocks-container\">\n\n<p>T\u00e4vlingens dep\u00e5omr\u00e5de och Race Office ligger vid Gr\u00f6nklittsg\u00e5rden, v\u00e4l synligt fr\u00e5n v\u00e4gen n\u00e4r du anl\u00e4nder till Orsa Gr\u00f6nklitt.<\/p>\n\n<\/div>\n\n                            <div class=\"footer-text-block cta-btn-group\">\n                                            <a href=\"https:\/\/maps.app.goo.gl\/aHvZ7EUfP57wszTv5\" target=\"_blank\" class=\"cta-btn cta-btn-primary\">Till karta<\/a>                                    <\/div>\n                    <\/div>\n    <\/div>\n<\/div>\n\n\n<div class=\"accordion__item\">\n    <span class=\"anchor-sections\" id=\"acc-trigger-parkering\"><\/span>\n    <h3 class=\"accordion__header\">\n        <button class=\"accordion__trigger\" type=\"button\" aria-controls=\"acc-panel-parkering\" aria-expanded=\"true\">\n            <span class=\"icon icon-left\">\n                <?xml version=\"1.0\" encoding=\"UTF-8\"?>\n<svg xmlns=\"http:\/\/www.w3.org\/2000\/svg\" xmlns:xlink=\"http:\/\/www.w3.org\/1999\/xlink\" width=\"24px\" height=\"24px\" viewBox=\"0 0 24 24\" version=\"1.1\">\n  <title>icon-parking<\/title>\n  <g id=\"icon-parking\" stroke=\"none\" fill=\"none\" fill-rule=\"evenodd\">\n    <path d=\"M20,0 L24,4 L24,20 L20,24 L4,24 L0,20 L0,4 L4,0 L20,0 Z M16,4 L7,4 L7,20 L10,20 L10,14 L16,14 L17,13 L17,5 L16,4 Z M14,7 L14,11 L10,11 L10,7 L14,7 Z\" id=\"parking\" fill=\"#FFFFFF\"><\/path>\n  <\/g>\n<\/svg>\n            <\/span> Parkering            <span class=\"accordion__icon\" aria-hidden=\"true\"><\/span>\n        <\/button>\n    <\/h3>\n    <div class=\"accordion__panel\" id=\"acc-panel-parkering\" role=\"region\" aria-labelledby=\"acc-trigger-parkering\" style=\"block-size: auto;\">\n        <div class=\"accordion__panel-inner\">\n                        <div class=\"acf-innerblocks-container\">\n\n<p>Parkering f\u00f6r t\u00e4vlande \u00e4r i direkt anslutning till Gr\u00f6nklittsg\u00e5rden, v\u00e4l synligt fr\u00e5n v\u00e4gen n\u00e4r du anl\u00e4nder till Orsa Gr\u00f6nklitt.<\/p>\n\n<\/div>\n\n                            <div class=\"footer-text-block cta-btn-group\">\n                                            <a href=\"https:\/\/maps.app.goo.gl\/Tj18RvQdQT99tagD7\" target=\"_blank\" class=\"cta-btn cta-btn-primary\">Till karta<\/a>                                    <\/div>\n                    <\/div>\n    <\/div>\n<\/div>\n\n\n\n<p><\/p>\n\n<\/div>\n<\/section>\n<\/div>\n<\/section>\n\n<\/div>\n    <\/div>\n<\/section>\n","protected":false},"excerpt":{"rendered":"","protected":false},"author":2,"featured_media":0,"parent":118,"menu_order":10,"comment_status":"closed","ping_status":"closed","template":"","meta":{"_acf_changed":false,"inline_featured_image":false,"footnotes":""},"class_list":["post-238","page","type-page","status-publish","hentry"],"acf":[],"yoast_head":"<!-- This site is optimized with the Yoast SEO plugin v26.9 - https:\/\/yoast.com\/product\/yoast-seo-wordpress\/ -->\n<title>Hard Enduro - Forza Orza<\/title>\n<meta name=\"robots\" content=\"index, follow, max-snippet:-1, max-image-preview:large, max-video-preview:-1\" \/>\n<link rel=\"canonical\" href=\"https:\/\/forzaorza.com\/sv\/forare\/hard-enduro\/\" \/>\n<meta property=\"og:locale\" content=\"sv_SE\" \/>\n<meta property=\"og:type\" content=\"article\" \/>\n<meta property=\"og:title\" content=\"Hard Enduro - Forza Orza\" \/>\n<meta property=\"og:url\" content=\"https:\/\/forzaorza.com\/sv\/forare\/hard-enduro\/\" \/>\n<meta property=\"og:site_name\" content=\"Forza Orza\" \/>\n<meta property=\"article:modified_time\" content=\"2026-04-17T14:07:12+00:00\" \/>\n<meta name=\"twitter:card\" content=\"summary_large_image\" \/>\n<meta name=\"twitter:label1\" content=\"Ber\u00e4knad l\u00e4stid\" \/>\n\t<meta name=\"twitter:data1\" content=\"1 minut\" \/>\n<script type=\"application\/ld+json\" class=\"yoast-schema-graph\">{\"@context\":\"https:\/\/schema.org\",\"@graph\":[{\"@type\":\"WebPage\",\"@id\":\"https:\/\/forzaorza.com\/sv\/forare\/hard-enduro\/\",\"url\":\"https:\/\/forzaorza.com\/sv\/forare\/hard-enduro\/\",\"name\":\"Hard Enduro - Forza Orza\",\"isPartOf\":{\"@id\":\"http:\/\/forzaorza.com\/sv\/#website\"},\"datePublished\":\"2026-01-20T09:14:12+00:00\",\"dateModified\":\"2026-04-17T14:07:12+00:00\",\"breadcrumb\":{\"@id\":\"https:\/\/forzaorza.com\/sv\/forare\/hard-enduro\/#breadcrumb\"},\"inLanguage\":\"sv-SE\",\"potentialAction\":[{\"@type\":\"ReadAction\",\"target\":[\"https:\/\/forzaorza.com\/sv\/forare\/hard-enduro\/\"]}]},{\"@type\":\"BreadcrumbList\",\"@id\":\"https:\/\/forzaorza.com\/sv\/forare\/hard-enduro\/#breadcrumb\",\"itemListElement\":[{\"@type\":\"ListItem\",\"position\":1,\"name\":\"Home\",\"item\":\"http:\/\/forzaorza.com\/sv\/\"},{\"@type\":\"ListItem\",\"position\":2,\"name\":\"F\u00f6rare\",\"item\":\"https:\/\/forzaorza.com\/sv\/forare\/\"},{\"@type\":\"ListItem\",\"position\":3,\"name\":\"Hard Enduro\"}]},{\"@type\":\"WebSite\",\"@id\":\"http:\/\/forzaorza.com\/sv\/#website\",\"url\":\"http:\/\/forzaorza.com\/sv\/\",\"name\":\"Forza Orza\",\"description\":\"\",\"potentialAction\":[{\"@type\":\"SearchAction\",\"target\":{\"@type\":\"EntryPoint\",\"urlTemplate\":\"http:\/\/forzaorza.com\/sv\/?s={search_term_string}\"},\"query-input\":{\"@type\":\"PropertyValueSpecification\",\"valueRequired\":true,\"valueName\":\"search_term_string\"}}],\"inLanguage\":\"sv-SE\"}]}<\/script>\n<!-- \/ Yoast SEO plugin. -->","yoast_head_json":{"title":"Hard Enduro - Forza Orza","robots":{"index":"index","follow":"follow","max-snippet":"max-snippet:-1","max-image-preview":"max-image-preview:large","max-video-preview":"max-video-preview:-1"},"canonical":"https:\/\/forzaorza.com\/sv\/forare\/hard-enduro\/","og_locale":"sv_SE","og_type":"article","og_title":"Hard Enduro - Forza Orza","og_url":"https:\/\/forzaorza.com\/sv\/forare\/hard-enduro\/","og_site_name":"Forza Orza","article_modified_time":"2026-04-17T14:07:12+00:00","twitter_card":"summary_large_image","twitter_misc":{"Ber\u00e4knad l\u00e4stid":"1 minut"},"schema":{"@context":"https:\/\/schema.org","@graph":[{"@type":"WebPage","@id":"https:\/\/forzaorza.com\/sv\/forare\/hard-enduro\/","url":"https:\/\/forzaorza.com\/sv\/forare\/hard-enduro\/","name":"Hard Enduro - Forza Orza","isPartOf":{"@id":"http:\/\/forzaorza.com\/sv\/#website"},"datePublished":"2026-01-20T09:14:12+00:00","dateModified":"2026-04-17T14:07:12+00:00","breadcrumb":{"@id":"https:\/\/forzaorza.com\/sv\/forare\/hard-enduro\/#breadcrumb"},"inLanguage":"sv-SE","potentialAction":[{"@type":"ReadAction","target":["https:\/\/forzaorza.com\/sv\/forare\/hard-enduro\/"]}]},{"@type":"BreadcrumbList","@id":"https:\/\/forzaorza.com\/sv\/forare\/hard-enduro\/#breadcrumb","itemListElement":[{"@type":"ListItem","position":1,"name":"Home","item":"http:\/\/forzaorza.com\/sv\/"},{"@type":"ListItem","position":2,"name":"F\u00f6rare","item":"https:\/\/forzaorza.com\/sv\/forare\/"},{"@type":"ListItem","position":3,"name":"Hard Enduro"}]},{"@type":"WebSite","@id":"http:\/\/forzaorza.com\/sv\/#website","url":"http:\/\/forzaorza.com\/sv\/","name":"Forza Orza","description":"","potentialAction":[{"@type":"SearchAction","target":{"@type":"EntryPoint","urlTemplate":"http:\/\/forzaorza.com\/sv\/?s={search_term_string}"},"query-input":{"@type":"PropertyValueSpecification","valueRequired":true,"valueName":"search_term_string"}}],"inLanguage":"sv-SE"}]}},"_links":{"self":[{"href":"https:\/\/forzaorza.com\/sv\/wp-json\/wp\/v2\/pages\/238","targetHints":{"allow":["GET"]}}],"collection":[{"href":"https:\/\/forzaorza.com\/sv\/wp-json\/wp\/v2\/pages"}],"about":[{"href":"https:\/\/forzaorza.com\/sv\/wp-json\/wp\/v2\/types\/page"}],"author":[{"embeddable":true,"href":"https:\/\/forzaorza.com\/sv\/wp-json\/wp\/v2\/users\/2"}],"replies":[{"embeddable":true,"href":"https:\/\/forzaorza.com\/sv\/wp-json\/wp\/v2\/comments?post=238"}],"version-history":[{"count":26,"href":"https:\/\/forzaorza.com\/sv\/wp-json\/wp\/v2\/pages\/238\/revisions"}],"predecessor-version":[{"id":625,"href":"https:\/\/forzaorza.com\/sv\/wp-json\/wp\/v2\/pages\/238\/revisions\/625"}],"up":[{"embeddable":true,"href":"https:\/\/forzaorza.com\/sv\/wp-json\/wp\/v2\/pages\/118"}],"wp:attachment":[{"href":"https:\/\/forzaorza.com\/sv\/wp-json\/wp\/v2\/media?parent=238"}],"curies":[{"name":"wp","href":"https:\/\/api.w.org\/{rel}","templated":true}]}}